{"id":1378,"date":"2025-07-15T13:59:38","date_gmt":"2025-07-15T13:59:38","guid":{"rendered":"http:\/\/easyseed-forst.de\/?page_id=1378"},"modified":"2025-10-25T10:10:15","modified_gmt":"2025-10-25T10:10:15","slug":"home","status":"publish","type":"page","link":"https:\/\/easyseed-forst.de\/en\/","title":{"rendered":"Home"},"content":{"rendered":"<div class=\"pageheader_holder\">\n    <div id=\"pageheader-block_6962c875fe0f010fea3edaa192e2ad1b\" class=\"pageheader sektion\">\n        <div class=\"pageheader__image\" style=\"background-image: url('https:\/\/easyseed-forst.de\/wp-content\/uploads\/1Headerbild_Home.jpg');\" alt=\"easySeed Saatgut-Pellets f\u00fcr die Forstwirtschaft \u2013 S\u00e4en statt pflanzen f\u00fcr Ihren Wald der Zukunft\">\n            <!-- <img decoding=\"async\" class=\"sr-only\" alt=\"easySeed Saatgut-Pellets f\u00fcr die Forstwirtschaft \u2013 S\u00e4en statt pflanzen f\u00fcr Ihren Wald der Zukunft\" src=\"https:\/\/easyseed-forst.de\/wp-content\/uploads\/1Headerbild_Home.jpg\" \/> -->\n        <\/div>\n                 <div class=\"seitentitel-im-headerbild\">\n            <h1>Home<!-- <span> \u2013 easyseed-forst<\/span> --> <\/h1>\n            \n        <\/div>\n\n    <\/div>\n<\/div>\n\n\n\n<div id=\"slogan-block_8f86e8bda69493b7faaa32064fec5011\" class=\"slogan\">\n    <div class=\"slogan__wrapper\">\n        <div class=\"slogan__box\">\n           <a href=\"https:\/\/easyseed-forst.de\/en\/\" rel=\"home\" title=\"Zur Startseite\"> <h2>Sowing instead of planting for your forest of the future!<\/h2><\/a>\n            <!-- <p class=\"intro\"><\/span> -->\n        <\/div>\n    <\/div>\n\n<\/div>\n\n\n\n<h2 class=\"wp-block-heading has-green-dark-color has-text-color has-link-color wp-elements-a0452c7ddc3033ab379af65a77487eaf\">easySeed\u00ae for direct sowing in the forest.<br><\/h2>\n\n\n\n<div style=\"height:20px\" aria-hidden=\"true\" class=\"wp-block-spacer\"><\/div>\n\n\n\n<p class=\"has-green-dark-color has-text-color has-link-color wp-elements-62e418907de19041e1c18dc5c066e266\" style=\"font-size:1.1rem\">Wir produzieren f\u00fcr Kunden im <strong>In- und Ausland<\/strong> die von uns entwickelten und patentierten<strong> easySeed\u00ae<\/strong>, als <strong>effiziente Alternative zum herk\u00f6mmlichen Pflanzen<\/strong>.<\/p>\n\n\n\n<div style=\"height:15px\" aria-hidden=\"true\" class=\"wp-block-spacer\"><\/div>\n\n\n\n<p class=\"has-green-dark-color has-text-color has-link-color wp-elements-b20621aaec7f0828a9faeda7b9976cc1 translation-block\" style=\"font-size:1.1rem\"><strong>\n  <span style=\"font-weight: normal\">\n    We receive the <\/span>\n<\/strong> seeds<strong>\n  <span style=\"font-weight: normal\"> for this from our clients or we procure them for them.<\/span>\n<\/strong><\/p>\n\n\n\n<div style=\"height:15px\" aria-hidden=\"true\" class=\"wp-block-spacer\"><\/div>\n\n\n\n<h4 class=\"wp-block-heading\">Why is easySeed\u00ae a sensible alternative to conventional planting?<\/h4>\n\n\n\n<div style=\"height:5px\" aria-hidden=\"true\" class=\"wp-block-spacer\"><\/div>\n\n\n\n<p class=\"has-green-dark-color has-text-color has-link-color wp-elements-c22fa25c16f28fc6a958640e0ad6ceb3\" style=\"font-size:1.1rem\">Antworten auf diese und weitere Fragen finden Sie in unseren Forst-Kategorien von <em>\u201eRoh-Saatgut und easySeed\u00ae<\/em>&#8220; bis <em>\u201eWald-Patenschaft\u201c<\/em>.<\/p>\n\n\n\n<div style=\"height:15px\" aria-hidden=\"true\" class=\"wp-block-spacer\"><\/div>\n\n\n\n<p style=\"font-size: 1.1rem;\">\n  <span style=\"color: #0C2E05;\">\n    If you would prefer to speak to us directly, please go to our contact details\n  <\/span>\n  <a href=\"http:\/\/easyseed-forst.de\/en\/contact\/\" \n     style=\"color: #E56606; text-decoration: none;\"\n     onmouseover=\"this.style.color='#b94d04'\" \n     onmouseout=\"this.style.color='#E56606'\">\n   <strong> here <\/strong> \n  <\/a>\n<\/p>\n\n\n\n<div style=\"height:35px\" aria-hidden=\"true\" class=\"wp-block-spacer\"><\/div>\n\n\n\n<h5 class=\"wp-block-heading\">Wald-Patenschaft mit easySeed\u00ae:<\/h5>\n\n\n\n<h3 class=\"wp-block-heading has-text-color has-link-color wp-elements-63e1269e268f084aaa6d24cbffa4e222\" style=\"color:#0c2f05\">Help the forest in the region of your choice!<br><\/h3>\n\n\n\n<h4 class=\"wp-block-heading translation-block\">- You determine the volume, location and time! <br>\n- We provide the service!<\/h4>\n\n\n\n<div style=\"height:15px\" aria-hidden=\"true\" class=\"wp-block-spacer\"><\/div>\n\n\n\n<p class=\"has-green-dark-color has-text-color has-link-color wp-elements-94af045ff1d18fb2783bdb416efc536f translation-block\" style=\"font-size:1.1rem\"><strong>\n<span style=\"font-weight: normal\"> Would you like to actively contribute to climate protection and the renaturation of our forests in the form of a <\/span><\/strong> forest sponsorship <strong><span style=\"font-weight: normal\"> as part of your social commitment?<\/span>\n<\/strong><\/p>\n\n\n\n<div style=\"height:15px\" aria-hidden=\"true\" class=\"wp-block-spacer\"><\/div>\n\n\n\n<p class=\"has-green-dark-color has-text-color has-link-color wp-elements-c50e8aec545122db45d1a7d5e76bab90\" style=\"font-size:1.1rem\">Wir bieten Ihnen als <strong>Unternehmen<\/strong> oder als <strong>Stiftung<\/strong> oder als <strong>Verein<\/strong> eine M\u00f6glichkeit der Beteiligung an <strong>Aufforstungs- und Waldumbau-Projekten<\/strong> mit <strong>easySeed\u00ae<\/strong> an.<\/p>\n\n\n\n<div style=\"height:15px\" aria-hidden=\"true\" class=\"wp-block-spacer\"><\/div>\n\n\n\n<p style=\"font-size: 1.1rem;\">\n  <span style=\"color: #0C2E05;\">\n    - You can also find out more on the page -\n<\/strong>\n  <\/span>\n  <a href=\"https:\/\/easyseed-forst.de\/en\/companies-foundations-associations\/forest-sponsorship\/\" \n     style=\"color: #E56606; text-decoration: none;\"\n     onmouseover=\"this.style.color='#b94d04'\" \n     onmouseout=\"this.style.color='#E56606'\">\n    <strong>  Forest sponsorship with easySeed seed pellets    <\/strong>\n  <\/a>\n<\/p>\n\n\n\n<div style=\"height:35px\" aria-hidden=\"true\" class=\"wp-block-spacer\"><\/div>\n\n\n\n<h3 class=\"wp-block-heading has-text-color has-link-color wp-elements-04327b93c005cadd8e437541681b5226\" style=\"color:#0c2f05\">Are you interested in INSTANT SEED innovations as a investment?<\/h3>\n\n\n\n<div style=\"height:15px\" aria-hidden=\"true\" class=\"wp-block-spacer\"><\/div>\n\n\n\n<p class=\"has-green-dark-color has-text-color has-link-color wp-elements-24a05704f2c950c5de49422892b4f65c\" style=\"font-size:1.1rem\">Wir sind als INSTANT SEED GmbH mittlerweile auf drei Kontinenten aktiv als Pionier f\u00fcr Forst-L\u00f6sungen rund um <strong>easySeed\u00ae<\/strong> mit einschl\u00e4gigen und weltweit patentierten L\u00f6sungen f\u00fcr\u00a0Anwendungen wie Aufforstung, speziellen und einzigartigen Komplett-L\u00f6sungen f\u00fcr Waldbrandfl\u00e4chen und auch Aussaat-Technik.<\/p>\n\n\n\n<div style=\"height:15px\" aria-hidden=\"true\" class=\"wp-block-spacer\"><\/div>\n\n\n\n<p style=\"font-size: 1.1rem;\">\n  <span style=\"color: #0C2E05;\">\n    - You can also find out more on the page -\n<\/strong>\n  <\/span>\n  <a href=\"http:\/\/easyseed-forst.de\/en\/investor-offer\/\" \n     style=\"color: #E56606; text-decoration: none;\"\n     onmouseover=\"this.style.color='#b94d04'\" \n     onmouseout=\"this.style.color='#E56606'\">\n    <strong>For Investors  <\/strong>\n  <\/a>\n\n\n\n<div style=\"height:15px\" aria-hidden=\"true\" class=\"wp-block-spacer\"><\/div>\n\n\n<div id=\"section_productgroups-block_d0a6e1643aaede4faef8fc291abe5c5f\" class=\"section_productgroups sektion\">\n    <div class=\"sektion__container sektion__container--schmal\">\n                                    \n        <div class=\"\">\n            <h2 class=\"sektion__header\">easySeed Forestry categories:<\/h2>\n                    <\/div>\n\n\n                            <div class=\"image_button-holder\">\n\n                    \t\t\t\t\t\t\t\t\t\t\t\n            \n                                                    <a class=\"image_button\" href=\"http:\/\/easyseed-forst.de\/en\/foresters-forest-owners\/seed-pellets\/\">\n                                <div class=\"image_button__inner\">\n                                    <img decoding=\"async\" src=\"https:\/\/easyseed-forst.de\/wp-content\/uploads\/beispiel_douglasie.jpg\" alt=\"\" class=\"image_button__img\" \/>\n                                    <h3>Roh-Saatgut und easySeed\u00ae<\/h3>\t\n                                <\/div>\n                            <\/a>\t\n                        \t\n\n                    \n\n                        \t\t\t\t\t\t\t\t\t\t\t\n            \n                                                    <a class=\"image_button\" href=\"https:\/\/easyseed-forst.de\/en\/foresters-forest-owners\/forest-tree-information-center\/\">\n                                <div class=\"image_button__inner\">\n                                    <img decoding=\"async\" src=\"https:\/\/easyseed-forst.de\/wp-content\/uploads\/Infothek1-edited.jpg\" alt=\"\" class=\"image_button__img\" \/>\n                                    <h3>Forest tree information center<\/h3>\t\n                                <\/div>\n                            <\/a>\t\n                        \t\n\n                    \n\n                        \t\t\t\t\t\t\t\t\t\t\t\n            \n                                                    <a class=\"image_button\" href=\"http:\/\/easyseed-forst.de\/en\/foresters-forest-owners\/sowing-technology\/\">\n                                <div class=\"image_button__inner\">\n                                    <img decoding=\"async\" src=\"https:\/\/easyseed-forst.de\/wp-content\/uploads\/Roteiche-Aufgang_easySeed.jpg\" alt=\"\" class=\"image_button__img\" \/>\n                                    <h3>Sowing and technology<\/h3>\t\n                                <\/div>\n                            <\/a>\t\n                        \t\n\n                    \n\n                        \t\t\t\t\t\t\t\t\t\t\t\n            \n                                                    <a class=\"image_button\" href=\"http:\/\/easyseed-forst.de\/en\/foresters-forest-owners\/damaged-areas-bare-areas\/\">\n                                <div class=\"image_button__inner\">\n                                    <img decoding=\"async\" src=\"https:\/\/easyseed-forst.de\/wp-content\/uploads\/Schad-_Kahlflaechen-edited.jpg\" alt=\"\" class=\"image_button__img\" \/>\n                                    <h3>Damaged and bare areas<\/h3>\t\n                                <\/div>\n                            <\/a>\t\n                        \t\n\n                    \n\n                        \t\t\t\t\t\t\t\t\t\t\t\n            \n                                                    <a class=\"image_button\" href=\"http:\/\/easyseed-forst.de\/en\/foresters-forest-owners\/forest-fire-areas\/\">\n                                <div class=\"image_button__inner\">\n                                    <img decoding=\"async\" src=\"https:\/\/easyseed-forst.de\/wp-content\/uploads\/Waldbrandflaeche_AI-edited.jpg\" alt=\"\" class=\"image_button__img\" \/>\n                                    <h3>Forest fire areas<\/h3>\t\n                                <\/div>\n                            <\/a>\t\n                        \t\n\n                    \n\n                        \t\t\t\t\t\t\t\t\t\t\t\n            \n                                                    <a class=\"image_button\" href=\"https:\/\/easyseed-forst.de\/en\/foresters-forest-owners\/animal-damage-protection-pellets\/\">\n                                <div class=\"image_button__inner\">\n                                    <img decoding=\"async\" src=\"https:\/\/easyseed-forst.de\/wp-content\/uploads\/ChatGPT-Image2.png\" alt=\"\" class=\"image_button__img\" \/>\n                                    <h3>Tierfra\u00dfschutz<\/h3>\t\n                                <\/div>\n                            <\/a>\t\n                        \t\n\n                    \n\n                        \t\t\t\t\t\t\t\t\t\t\t\n            \n                                                    <a class=\"image_button\" href=\"http:\/\/easyseed-forst.de\/en\/foresters-forest-owners\/forest-addresses-links\/\">\n                                <div class=\"image_button__inner\">\n                                    <img decoding=\"async\" src=\"https:\/\/easyseed-forst.de\/wp-content\/uploads\/Jaegerhaus_Rueckfront2-edited-1-scaled.jpg\" alt=\"\" class=\"image_button__img\" \/>\n                                    <h3>Forestry addresses<\/h3>\t\n                                <\/div>\n                            <\/a>\t\n                        \t\n\n                    \n\n                        \t\t\t\t\t\t\t\t\t\t\t\n            \n                                                    <a class=\"image_button\" href=\"http:\/\/easyseed-forst.de\/en\/companies-foundations-associations\/forest-sponsorship\/\">\n                                <div class=\"image_button__inner\">\n                                    <img decoding=\"async\" src=\"https:\/\/easyseed-forst.de\/wp-content\/uploads\/Wald-Patenschaft_3-edited-scaled.jpg\" alt=\"\" class=\"image_button__img\" \/>\n                                    <h3>Forest sponsorship<\/h3>\t\n                                <\/div>\n                            <\/a>\t\n                        \t\n\n                    \n\n                                        <\/div>\n                \n\n    <\/div>\n<\/div>\n\n\n\n<div style=\"height:35px\" aria-hidden=\"true\" class=\"wp-block-spacer\"><\/div>","protected":false},"excerpt":{"rendered":"<p>easySeed\u00ae f\u00fcr Direktsaat im Wald. Wir produzieren f\u00fcr Kunden im In- und Ausland die von uns entwickelten und patentierten easySeed\u00ae, als effiziente Alternative zum herk\u00f6mmlichen Pflanzen. Das Saatgut daf\u00fcr erhalten wir von unseren Auftraggebern oder wir beschaffen es f\u00fcr diese. Warum ist easySeed\u00ae eine sinnvolle Alternative zur herk\u00f6mmlichen Pflanzung? Antworten auf diese und weitere Fragen [&hellip;]<\/p>","protected":false},"author":1,"featured_media":0,"parent":0,"menu_order":0,"comment_status":"closed","ping_status":"closed","template":"","meta":{"_acf_changed":false,"footnotes":""},"class_list":["post-1378","page","type-page","status-publish","hentry"],"acf":[],"yoast_head":"<!-- This site is optimized with the Yoast SEO plugin v26.1.1 - https:\/\/yoast.com\/wordpress\/plugins\/seo\/ -->\n<title>Saatgut-Pellets f\u00fcr den Wald | easySeed Forst<\/title>\n<meta name=\"description\" content=\"S\u00e4en Sie, statt zu pflanzen: easySeed Saatgut-Pellets f\u00fcr den Waldumbau mit klimaangepassten Baumarten. Innovativ, kosteng\u00fcnstig &amp; einfach.\" \/>\n<meta name=\"robots\" content=\"index, follow, max-snippet:-1, max-image-preview:large, max-video-preview:-1\" \/>\n<link rel=\"canonical\" href=\"https:\/\/easyseed-forst.de\/en\/\" \/>\n<meta property=\"og:locale\" content=\"en_US\" \/>\n<meta property=\"og:type\" content=\"article\" \/>\n<meta property=\"og:title\" content=\"Saatgut-Pellets f\u00fcr den Wald | easySeed Forst\" \/>\n<meta property=\"og:description\" content=\"S\u00e4en Sie, statt zu pflanzen: easySeed Saatgut-Pellets f\u00fcr den Waldumbau mit klimaangepassten Baumarten. Innovativ, kosteng\u00fcnstig &amp; einfach.\" \/>\n<meta property=\"og:url\" content=\"https:\/\/easyseed-forst.de\/en\/\" \/>\n<meta property=\"og:site_name\" content=\"easySeed Forst\" \/>\n<meta property=\"article:modified_time\" content=\"2025-10-25T10:10:15+00:00\" \/>\n<meta name=\"twitter:card\" content=\"summary_large_image\" \/>\n<meta name=\"twitter:label1\" content=\"Est. reading time\" \/>\n\t<meta name=\"twitter:data1\" content=\"2 minutes\" \/>\n<script type=\"application\/ld+json\" class=\"yoast-schema-graph\">{\"@context\":\"https:\/\/schema.org\",\"@graph\":[{\"@type\":\"WebPage\",\"@id\":\"https:\/\/easyseed-forst.de\/\",\"url\":\"https:\/\/easyseed-forst.de\/\",\"name\":\"Saatgut-Pellets f\u00fcr den Wald | easySeed Forst\",\"isPartOf\":{\"@id\":\"https:\/\/easyseed-forst.de\/#website\"},\"datePublished\":\"2025-07-15T13:59:38+00:00\",\"dateModified\":\"2025-10-25T10:10:15+00:00\",\"description\":\"S\u00e4en Sie, statt zu pflanzen: easySeed Saatgut-Pellets f\u00fcr den Waldumbau mit klimaangepassten Baumarten. Innovativ, kosteng\u00fcnstig & einfach.\",\"breadcrumb\":{\"@id\":\"https:\/\/easyseed-forst.de\/#breadcrumb\"},\"inLanguage\":\"en-US\",\"potentialAction\":[{\"@type\":\"ReadAction\",\"target\":[\"https:\/\/easyseed-forst.de\/\"]}]},{\"@type\":\"BreadcrumbList\",\"@id\":\"https:\/\/easyseed-forst.de\/#breadcrumb\",\"itemListElement\":[{\"@type\":\"ListItem\",\"position\":1,\"name\":\"Startseite\",\"item\":\"https:\/\/easyseed-forst.de\/\"},{\"@type\":\"ListItem\",\"position\":2,\"name\":\"Home\"}]},{\"@type\":\"WebSite\",\"@id\":\"https:\/\/easyseed-forst.de\/#website\",\"url\":\"https:\/\/easyseed-forst.de\/\",\"name\":\"easySeed Forst\",\"description\":\"S\u00e4en statt pflanzen f\u00fcr ihren Wald der Zukunft!\",\"potentialAction\":[{\"@type\":\"SearchAction\",\"target\":{\"@type\":\"EntryPoint\",\"urlTemplate\":\"https:\/\/easyseed-forst.de\/?s={search_term_string}\"},\"query-input\":{\"@type\":\"PropertyValueSpecification\",\"valueRequired\":true,\"valueName\":\"search_term_string\"}}],\"inLanguage\":\"en-US\"}]}<\/script>\n<!-- \/ Yoast SEO plugin. -->","yoast_head_json":{"title":"Seed pellets for the forest | easySeed Forestry","description":"Sow instead of planting: easySeed seed pellets for forest conversion with climate-adapted tree species. Innovative, cost-effective &amp; simple.","robots":{"index":"index","follow":"follow","max-snippet":"max-snippet:-1","max-image-preview":"max-image-preview:large","max-video-preview":"max-video-preview:-1"},"canonical":"https:\/\/easyseed-forst.de\/en\/","og_locale":"en_US","og_type":"article","og_title":"Saatgut-Pellets f\u00fcr den Wald | easySeed Forst","og_description":"S\u00e4en Sie, statt zu pflanzen: easySeed Saatgut-Pellets f\u00fcr den Waldumbau mit klimaangepassten Baumarten. Innovativ, kosteng\u00fcnstig & einfach.","og_url":"https:\/\/easyseed-forst.de\/en\/","og_site_name":"easySeed Forst","article_modified_time":"2025-10-25T10:10:15+00:00","twitter_card":"summary_large_image","twitter_misc":{"Est. reading time":"2 minutes"},"schema":{"@context":"https:\/\/schema.org","@graph":[{"@type":"WebPage","@id":"https:\/\/easyseed-forst.de\/","url":"https:\/\/easyseed-forst.de\/","name":"Seed pellets for the forest | easySeed Forestry","isPartOf":{"@id":"https:\/\/easyseed-forst.de\/#website"},"datePublished":"2025-07-15T13:59:38+00:00","dateModified":"2025-10-25T10:10:15+00:00","description":"Sow instead of planting: easySeed seed pellets for forest conversion with climate-adapted tree species. Innovative, cost-effective &amp; simple.","breadcrumb":{"@id":"https:\/\/easyseed-forst.de\/#breadcrumb"},"inLanguage":"en-US","potentialAction":[{"@type":"ReadAction","target":["https:\/\/easyseed-forst.de\/"]}]},{"@type":"BreadcrumbList","@id":"https:\/\/easyseed-forst.de\/#breadcrumb","itemListElement":[{"@type":"ListItem","position":1,"name":"Startseite","item":"https:\/\/easyseed-forst.de\/"},{"@type":"ListItem","position":2,"name":"Home"}]},{"@type":"WebSite","@id":"https:\/\/easyseed-forst.de\/#website","url":"https:\/\/easyseed-forst.de\/","name":"easySeed Forestry","description":"S\u00e4en statt pflanzen f\u00fcr ihren Wald der Zukunft!","potentialAction":[{"@type":"SearchAction","target":{"@type":"EntryPoint","urlTemplate":"https:\/\/easyseed-forst.de\/?s={search_term_string}"},"query-input":{"@type":"PropertyValueSpecification","valueRequired":true,"valueName":"search_term_string"}}],"inLanguage":"en-US"}]}},"_links":{"self":[{"href":"https:\/\/easyseed-forst.de\/en\/wp-json\/wp\/v2\/pages\/1378","targetHints":{"allow":["GET"]}}],"collection":[{"href":"https:\/\/easyseed-forst.de\/en\/wp-json\/wp\/v2\/pages"}],"about":[{"href":"https:\/\/easyseed-forst.de\/en\/wp-json\/wp\/v2\/types\/page"}],"author":[{"embeddable":true,"href":"https:\/\/easyseed-forst.de\/en\/wp-json\/wp\/v2\/users\/1"}],"replies":[{"embeddable":true,"href":"https:\/\/easyseed-forst.de\/en\/wp-json\/wp\/v2\/comments?post=1378"}],"version-history":[{"count":619,"href":"https:\/\/easyseed-forst.de\/en\/wp-json\/wp\/v2\/pages\/1378\/revisions"}],"predecessor-version":[{"id":5033,"href":"https:\/\/easyseed-forst.de\/en\/wp-json\/wp\/v2\/pages\/1378\/revisions\/5033"}],"wp:attachment":[{"href":"https:\/\/easyseed-forst.de\/en\/wp-json\/wp\/v2\/media?parent=1378"}],"curies":[{"name":"wp","href":"https:\/\/api.w.org\/{rel}","templated":true}]}}