{"id":985,"date":"2025-07-04T16:40:00","date_gmt":"2025-07-04T16:40:00","guid":{"rendered":"http:\/\/easyseed-forst.de\/?page_id=985"},"modified":"2025-10-23T10:41:24","modified_gmt":"2025-10-23T10:41:24","slug":"forest-tree-information-center","status":"publish","type":"page","link":"https:\/\/easyseed-forst.de\/en\/foresters-forest-owners\/forest-tree-information-center\/","title":{"rendered":"Forest tree information center"},"content":{"rendered":"<div id=\"slogan-block_db2710118ec62f6d639580a24e5fb96b\" class=\"slogan\">\n    <div class=\"slogan__wrapper\">\n        <div class=\"slogan__box\">\n           <a href=\"https:\/\/easyseed-forst.de\/en\/\" rel=\"home\" title=\"Zur Startseite\"> <h2>Sowing instead of planting for your forest of the future!<\/h2><\/a>\n            <!-- <p class=\"intro\"><\/span> -->\n        <\/div>\n    <\/div>\n\n<\/div>\n\n\n\n<figure class=\"wp-block-image size-full\"><img loading=\"lazy\" decoding=\"async\" width=\"1290\" height=\"726\" src=\"https:\/\/easyseed-forst.de\/wp-content\/uploads\/Infothek1-edited.jpg\" alt=\"\" class=\"wp-image-4151\" srcset=\"https:\/\/easyseed-forst.de\/wp-content\/uploads\/Infothek1-edited.jpg 1290w, https:\/\/easyseed-forst.de\/wp-content\/uploads\/Infothek1-edited-300x169.jpg 300w, https:\/\/easyseed-forst.de\/wp-content\/uploads\/Infothek1-edited-1024x576.jpg 1024w, https:\/\/easyseed-forst.de\/wp-content\/uploads\/Infothek1-edited-768x432.jpg 768w, https:\/\/easyseed-forst.de\/wp-content\/uploads\/Infothek1-edited-18x10.jpg 18w\" sizes=\"auto, (max-width: 1290px) 100vw, 1290px\" \/><\/figure>\n\n\n\n<div style=\"height:25px\" aria-hidden=\"true\" class=\"wp-block-spacer\"><\/div>\n\n\n\n<h2 class=\"wp-block-heading\">Forest tree information center:<br><strong>Excerpt of recommended tree species for climate-adapted forest conversion<\/strong><\/h2>\n\n\n\n<p>Um Deutschlands W\u00e4lder fit f\u00fcr den Klimawandel zu machen, werden f\u00fcr den klimaangepassten Waldumbau Baumarten empfohlen, die widerstandsf\u00e4higer gegen Trockenheit, Hitze und Extremwetter sind [\u2026].<\/p>\n\n\n\n<p><\/p>\n\n\n\n<div style=\"height:15px\" aria-hidden=\"true\" class=\"wp-block-spacer\"><\/div>\n\n\n\n<p style=\"font-size:1.1rem\"><\/p>\n\n\n\n<div style=\"height:25px\" aria-hidden=\"true\" class=\"wp-block-spacer\"><\/div>\n\n\n\n<h3 class=\"wp-block-heading translation-block\">easySeed PDFs now available for download:<\/h3>\n\n\n\n<div style=\"height:5px\" aria-hidden=\"true\" class=\"wp-block-spacer\"><\/div>\n\n\n\n<p style=\"font-size:1.1rem\">Hier finden Sie detaillierte Informationen zu easySeed, aufgeschl\u00fcsselt nach Baumarten.<br>Jedes PDF-Datenblatt bietet u.a. praxisnahe Hinweise zum optimalen Aussaatzeitraum und zur Dosierung bei Boden- oder Oberfl\u00e4chen-Aussaat.<\/p>\n\n\n<div id=\"section_accordeon-block_a6efc5528f7702724d89148e8b792eae\" class=\"section_accordeon sektion\">\n    <div class=\"sektion__container sektion__container--schmal\">\n\t\t\t\t\t\t\t\t\n        <h2 class=\"sektion__header\"><\/h2>\n        \n\n                    <div class=\"akkordeon-holder\">\n                \t\t\t\t\t\t\t\t\t\t\t\n                    \n                                            <div class=\"akkordeon__item closed\" ?>\n                            <p>Deciduous trees Seed pellets<\/p>\t\n                            <div class=\"more\"><\/div>\n                        <\/div>\n                        \n                    \n                    <div class=\"akkordeon__content\">\n                        <ul>\n<li><a href=\"http:\/\/easyseed-forst.de\/wp-content\/uploads\/1EN_Wild-Service-tree_Elsbeere_Sorbus-torminales_-PelletsInfo_08.2025vdTr_web.pdf\" target=\"_blank\" rel=\"noopener\"> <strong><span style=\"color: #e56606;\">Wild Service tree (Sorbus torminales)<\/span><\/strong><\/a><\/li>\n<li><a href=\"http:\/\/easyseed-forst.de\/wp-content\/uploads\/2EN_Mountain-ash_rowan_EberescheVogelbeere_Sorbus-aucuparia_PelletsInfo_08.2025vdTr_web.pdf\" target=\"_blank\" rel=\"noopener\"><strong><span style=\"color: #e56606;\">Mountain ash\/ rowan (Sorbus aucuparia)<\/span><\/strong><\/a><\/li>\n<li><a href=\"http:\/\/easyseed-forst.de\/wp-content\/uploads\/3EN_Sycamore-maple_Bergahorn_Acer-pseudoplatanus_PelletsInfo_08.2025vdTr_web.pdf\" target=\"_blank\" rel=\"noopener\"><span style=\"color: #e56606;\"><strong>Sycamore maple (Acer Pseudoplatanus)<\/strong><\/span><\/a><\/li>\n<li><a href=\"http:\/\/easyseed-forst.de\/wp-content\/uploads\/4EN_Red-beech_Rotbuche_Fagus-sylvatica_-PelletsInfo_08.2025vdTr_web.pdf\" target=\"_blank\" rel=\"noopener\"><strong><span style=\"color: #e56606;\">Red beech (Fagus sylvatica)<\/span><\/strong><\/a><\/li>\n<li><a href=\"http:\/\/easyseed-forst.de\/wp-content\/uploads\/5EN_Hornbeam_Hainbuche_Carpinus-betulus_PelletsInfo_08.2025vdTr_web.pdf\" target=\"_blank\" rel=\"noopener\"><strong><span style=\"color: #e56606;\">Hornbeam (Carpinus betulus)<\/span><\/strong><\/a><\/li>\n<li><a href=\"http:\/\/easyseed-forst.de\/wp-content\/uploads\/6EN_Red-oak_Roteiche_Quercus-rubra_PelletsInfo_08.2025vdTr_web.pdf\" target=\"_blank\" rel=\"noopener\"><span style=\"color: #e56606;\"><strong>Red oak (Quercus rubra)<\/strong><\/span><\/a><\/li>\n<li><a href=\"http:\/\/easyseed-forst.de\/wp-content\/uploads\/7EN_English-oak_Stieleiche_Quercus-robur_-PelletsInfo_08.2025vdTr_web.pdf\" target=\"_blank\" rel=\"noopener\"><span style=\"color: #e56606;\"><strong>English oak (Quercus robur)<\/strong><\/span><\/a><\/li>\n<li><a href=\"http:\/\/easyseed-forst.de\/wp-content\/uploads\/8EN_Sessile-oak_Traubeneiche_Quercus-petraea_PelletsInfo_08.2025vdTr_web.pdf\" target=\"_blank\" rel=\"noopener\"><span style=\"color: #e56606;\"><strong>Sessile oak (Quercus petraea)<\/strong><\/span><\/a><\/li>\n<li><a href=\"http:\/\/easyseed-forst.de\/wp-content\/uploads\/9EN_Sand-Birch_Sandbirke_Betula-pendula_PelletsInfo_08.2025vdTr_web.pdf\" target=\"_blank\" rel=\"noopener\"><span style=\"color: #e56606;\"><strong>Sand Birch (Betula pendula)<\/strong><\/span><\/a><\/li>\n<li><a href=\"http:\/\/easyseed-forst.de\/wp-content\/uploads\/10EN_Black-alder_Schwarzerle_Alnus-glutinosa_PelletsInfo_08.2025vdTr_web.pdf\" target=\"_blank\" rel=\"noopener\"><strong><span style=\"color: #e56606;\">Black alder (Alnus glutinosa)<\/span><\/strong><\/a><\/li>\n<\/ul>\n<h4>Your tree species is not listed?<\/h4>\n<p><strong>info@esayseed-forst.de<br \/>\n+49 3379 5969-0<\/strong><\/p>\n \n                    <\/div>\n                    \n                \t\t\t\t\t\t\t\t\t\t\t\n                    \n                                            <div class=\"akkordeon__item closed\" ?>\n                            <p>Conifers Seed pellets<\/p>\t\n                            <div class=\"more\"><\/div>\n                        <\/div>\n                        \n                    \n                    <div class=\"akkordeon__content\">\n                        <ul>\n<li><a href=\"http:\/\/easyseed-forst.de\/wp-content\/uploads\/11EN_European-larch_Europ.Laerche_Larix-decidua_PelletsInfo_08.2025vdTr_web.pdf\" target=\"_blank\" rel=\"noopener\"><strong><span style=\"color: #e56606;\"><strong>European larch (Larix decidua)<\/strong><\/span><\/strong><\/a><\/li>\n<li><a href=\"http:\/\/easyseed-forst.de\/wp-content\/uploads\/12EN_Douglas-fir_Douglasie_Pseudotsuga-menziesii_PelletsInfo_08.2025vdTr_web.pdf\" target=\"_blank\" rel=\"noopener\"><strong><strong>Douglas fir (Pseudotsuga menziesii)<\/strong><\/strong><\/a><\/li>\n<li><a href=\"http:\/\/easyseed-forst.de\/wp-content\/uploads\/13EN_Giant_Coastal-fir_Riesen_Kuestentanne_Abies-grandis_PelletsInfo_08.2025vdTr_web.pdf\" target=\"_blank\" rel=\"noopener\"><strong><strong>Giant\/ Coastal fir (Abies grandis)<\/strong><\/strong><\/a><\/li>\n<li><a href=\"http:\/\/easyseed-forst.de\/wp-content\/uploads\/14EN_Silver-fir_Weisstanne_Abies-alba_PelletsInfo_08.2025vdTr_web.pdf\" target=\"_blank\" rel=\"noopener\"><strong><strong>Silver fir (Abies alba)<\/strong><\/strong><\/a><\/li>\n<\/ul>\n<h4>Your tree species is not listed?<\/h4>\n<p><strong>info@esayseed-forst.de<br \/>\n+49 3379 5969-0<\/strong><\/p>\n \n                    <\/div>\n                    \n                            <\/div>\n        \n        \n    <\/div>\n<\/div>\n\n\n\n\n<div class=\"wp-block-group sektion is-layout-constrained wp-block-group-is-layout-constrained\">\n<div class=\"wp-block-group sektion__container sektion__container--schmal is-layout-constrained wp-block-group-is-layout-constrained\">\n<h3 class=\"wp-block-heading\">easySeed Forestry categories:<\/h3>\n\n\n\n<div class=\"wp-block-buttons link-button-group is-layout-flex wp-block-buttons-is-layout-flex\">\n<div class=\"wp-block-button link-button\"><a class=\"wp-block-button__link wp-element-button\" href=\"http:\/\/easyseed-forst.de\/en\/foresters-forest-owners\/seed-pellets\/\">Roh-Saatgut und easySeed\u00ae<\/a><\/div>\n\n\n\n<div class=\"wp-block-button link-button\"><a class=\"wp-block-button__link wp-element-button\" href=\"http:\/\/easyseed-forst.de\/en\/foresters-forest-owners\/sowing-technology\/\">Sowing and technology<\/a><\/div>\n\n\n\n<div class=\"wp-block-button link-button\"><a class=\"wp-block-button__link wp-element-button\" href=\"http:\/\/easyseed-forst.de\/en\/foresters-forest-owners\/damaged-areas-bare-areas\/\">Damaged and bare areas<\/a><\/div>\n\n\n\n<div class=\"wp-block-button link-button\"><a class=\"wp-block-button__link wp-element-button\" href=\"http:\/\/easyseed-forst.de\/en\/foresters-forest-owners\/forest-fire-areas\/\">Forest fire areas<\/a><\/div>\n\n\n\n<div class=\"wp-block-button link-button\"><a class=\"wp-block-button__link wp-element-button\" href=\"https:\/\/easyseed-forst.de\/en\/foresters-forest-owners\/animal-damage-protection-pellets\/\">Tierfra\u00dfschutz<\/a><\/div>\n\n\n\n<div class=\"wp-block-button link-button\"><a class=\"wp-block-button__link wp-element-button\" href=\"http:\/\/easyseed-forst.de\/en\/foresters-forest-owners\/forest-addresses-links\/\">Forestry addresses<\/a><\/div>\n\n\n\n<div class=\"wp-block-button link-button\"><a class=\"wp-block-button__link wp-element-button\" href=\"http:\/\/easyseed-forst.de\/en\/companies-foundations-associations\/forest-sponsorship\/\">Forest sponsorship<\/a><\/div>\n<\/div>\n<\/div>\n<\/div>\n\n\n\n<div style=\"height:50px\" aria-hidden=\"true\" class=\"wp-block-spacer\"><\/div>\n\n\n\n<p><\/p>","protected":false},"excerpt":{"rendered":"<p>Waldb\u00e4ume-Infothek:Auszug empfohlener Baumarten f\u00fcr einen klimaangepassten Waldumbau Um Deutschlands W\u00e4lder fit f\u00fcr den Klimawandel zu machen, werden f\u00fcr den klimaangepassten Waldumbau Baumarten empfohlen, die widerstandsf\u00e4higer gegen Trockenheit, Hitze und Extremwetter sind [\u2026]. easySeed-PDFs jetzt herunterladen: Hier finden Sie detaillierte Informationen zu easySeed, aufgeschl\u00fcsselt nach Baumarten.Jedes PDF-Datenblatt bietet u.a. praxisnahe Hinweise zum optimalen Aussaatzeitraum und zur [&hellip;]<\/p>","protected":false},"author":1,"featured_media":0,"parent":11,"menu_order":0,"comment_status":"closed","ping_status":"closed","template":"","meta":{"_acf_changed":false,"footnotes":""},"class_list":["post-985","page","type-page","status-publish","hentry"],"acf":[],"yoast_head":"<!-- This site is optimized with the Yoast SEO plugin v26.1.1 - https:\/\/yoast.com\/wordpress\/plugins\/seo\/ -->\n<title>Waldb\u00e4ume-Infothek mit empfohlenen Baumarten | easySeed Forst<\/title>\n<meta name=\"description\" content=\"Die Waldb\u00e4ume-Infothek informiert per PDFs \u00fcber easySeed Saatgut-Pellets aus den Samen diverser heimischer und nicht-heimischer Baumarten.\" \/>\n<meta name=\"robots\" content=\"index, follow, max-snippet:-1, max-image-preview:large, max-video-preview:-1\" \/>\n<link rel=\"canonical\" href=\"https:\/\/easyseed-forst.de\/en\/foresters-forest-owners\/forest-tree-information-center\/\" \/>\n<meta property=\"og:locale\" content=\"en_US\" \/>\n<meta property=\"og:type\" content=\"article\" \/>\n<meta property=\"og:title\" content=\"Waldb\u00e4ume-Infothek mit empfohlenen Baumarten | easySeed Forst\" \/>\n<meta property=\"og:description\" content=\"Die Waldb\u00e4ume-Infothek informiert per PDFs \u00fcber easySeed Saatgut-Pellets aus den Samen diverser heimischer und nicht-heimischer Baumarten.\" \/>\n<meta property=\"og:url\" content=\"https:\/\/easyseed-forst.de\/en\/foresters-forest-owners\/forest-tree-information-center\/\" \/>\n<meta property=\"og:site_name\" content=\"easySeed Forst\" \/>\n<meta property=\"article:modified_time\" content=\"2025-10-23T10:41:24+00:00\" \/>\n<meta property=\"og:image\" content=\"https:\/\/easyseed-forst.de\/wp-content\/uploads\/Infothek1-edited.jpg\" \/>\n\t<meta property=\"og:image:width\" content=\"1290\" \/>\n\t<meta property=\"og:image:height\" content=\"726\" \/>\n\t<meta property=\"og:image:type\" content=\"image\/jpeg\" \/>\n<meta name=\"twitter:card\" content=\"summary_large_image\" \/>\n<meta name=\"twitter:label1\" content=\"Est. reading time\" \/>\n\t<meta name=\"twitter:data1\" content=\"1 minute\" \/>\n<script type=\"application\/ld+json\" class=\"yoast-schema-graph\">{\"@context\":\"https:\/\/schema.org\",\"@graph\":[{\"@type\":\"WebPage\",\"@id\":\"https:\/\/easyseed-forst.de\/forstleute-waldbesitzer\/waldbaeume-infothek\/\",\"url\":\"https:\/\/easyseed-forst.de\/forstleute-waldbesitzer\/waldbaeume-infothek\/\",\"name\":\"Waldb\u00e4ume-Infothek mit empfohlenen Baumarten | easySeed Forst\",\"isPartOf\":{\"@id\":\"https:\/\/easyseed-forst.de\/#website\"},\"primaryImageOfPage\":{\"@id\":\"https:\/\/easyseed-forst.de\/forstleute-waldbesitzer\/waldbaeume-infothek\/#primaryimage\"},\"image\":{\"@id\":\"https:\/\/easyseed-forst.de\/forstleute-waldbesitzer\/waldbaeume-infothek\/#primaryimage\"},\"thumbnailUrl\":\"https:\/\/easyseed-forst.de\/wp-content\/uploads\/Infothek1-edited.jpg\",\"datePublished\":\"2025-07-04T16:40:00+00:00\",\"dateModified\":\"2025-10-23T10:41:24+00:00\",\"description\":\"Die Waldb\u00e4ume-Infothek informiert per PDFs \u00fcber easySeed Saatgut-Pellets aus den Samen diverser heimischer und nicht-heimischer Baumarten.\",\"breadcrumb\":{\"@id\":\"https:\/\/easyseed-forst.de\/forstleute-waldbesitzer\/waldbaeume-infothek\/#breadcrumb\"},\"inLanguage\":\"en-US\",\"potentialAction\":[{\"@type\":\"ReadAction\",\"target\":[\"https:\/\/easyseed-forst.de\/forstleute-waldbesitzer\/waldbaeume-infothek\/\"]}]},{\"@type\":\"ImageObject\",\"inLanguage\":\"en-US\",\"@id\":\"https:\/\/easyseed-forst.de\/forstleute-waldbesitzer\/waldbaeume-infothek\/#primaryimage\",\"url\":\"https:\/\/easyseed-forst.de\/wp-content\/uploads\/Infothek1-edited.jpg\",\"contentUrl\":\"https:\/\/easyseed-forst.de\/wp-content\/uploads\/Infothek1-edited.jpg\"},{\"@type\":\"BreadcrumbList\",\"@id\":\"https:\/\/easyseed-forst.de\/forstleute-waldbesitzer\/waldbaeume-infothek\/#breadcrumb\",\"itemListElement\":[{\"@type\":\"ListItem\",\"position\":1,\"name\":\"Startseite\",\"item\":\"https:\/\/easyseed-forst.de\/\"},{\"@type\":\"ListItem\",\"position\":2,\"name\":\"F\u00fcr Forstleute und Waldbesitzer\",\"item\":\"https:\/\/easyseed-forst.de\/forstleute-waldbesitzer\/\"},{\"@type\":\"ListItem\",\"position\":3,\"name\":\"Waldb\u00e4ume-Infothek\"}]},{\"@type\":\"WebSite\",\"@id\":\"https:\/\/easyseed-forst.de\/#website\",\"url\":\"https:\/\/easyseed-forst.de\/\",\"name\":\"easySeed Forst\",\"description\":\"S\u00e4en statt pflanzen f\u00fcr ihren Wald der Zukunft!\",\"potentialAction\":[{\"@type\":\"SearchAction\",\"target\":{\"@type\":\"EntryPoint\",\"urlTemplate\":\"https:\/\/easyseed-forst.de\/?s={search_term_string}\"},\"query-input\":{\"@type\":\"PropertyValueSpecification\",\"valueRequired\":true,\"valueName\":\"search_term_string\"}}],\"inLanguage\":\"en-US\"}]}<\/script>\n<!-- \/ Yoast SEO plugin. -->","yoast_head_json":{"title":"Forest tree information center with recommended tree species | easySeed Forestry","description":"The Forest Forest tree information center provides information via PDFs about easySeed seed pellets from the seeds of various native and non-native tree species.","robots":{"index":"index","follow":"follow","max-snippet":"max-snippet:-1","max-image-preview":"max-image-preview:large","max-video-preview":"max-video-preview:-1"},"canonical":"https:\/\/easyseed-forst.de\/en\/foresters-forest-owners\/forest-tree-information-center\/","og_locale":"en_US","og_type":"article","og_title":"Waldb\u00e4ume-Infothek mit empfohlenen Baumarten | easySeed Forst","og_description":"Die Waldb\u00e4ume-Infothek informiert per PDFs \u00fcber easySeed Saatgut-Pellets aus den Samen diverser heimischer und nicht-heimischer Baumarten.","og_url":"https:\/\/easyseed-forst.de\/en\/foresters-forest-owners\/forest-tree-information-center\/","og_site_name":"easySeed Forst","article_modified_time":"2025-10-23T10:41:24+00:00","og_image":[{"width":1290,"height":726,"url":"https:\/\/easyseed-forst.de\/wp-content\/uploads\/Infothek1-edited.jpg","type":"image\/jpeg"}],"twitter_card":"summary_large_image","twitter_misc":{"Est. reading time":"1 minute"},"schema":{"@context":"https:\/\/schema.org","@graph":[{"@type":"WebPage","@id":"https:\/\/easyseed-forst.de\/forstleute-waldbesitzer\/waldbaeume-infothek\/","url":"https:\/\/easyseed-forst.de\/forstleute-waldbesitzer\/waldbaeume-infothek\/","name":"Forest tree information center with recommended tree species | easySeed Forestry","isPartOf":{"@id":"https:\/\/easyseed-forst.de\/#website"},"primaryImageOfPage":{"@id":"https:\/\/easyseed-forst.de\/forstleute-waldbesitzer\/waldbaeume-infothek\/#primaryimage"},"image":{"@id":"https:\/\/easyseed-forst.de\/forstleute-waldbesitzer\/waldbaeume-infothek\/#primaryimage"},"thumbnailUrl":"https:\/\/easyseed-forst.de\/wp-content\/uploads\/Infothek1-edited.jpg","datePublished":"2025-07-04T16:40:00+00:00","dateModified":"2025-10-23T10:41:24+00:00","description":"The Forest Forest tree information center provides information via PDFs about easySeed seed pellets from the seeds of various native and non-native tree species.","breadcrumb":{"@id":"https:\/\/easyseed-forst.de\/forstleute-waldbesitzer\/waldbaeume-infothek\/#breadcrumb"},"inLanguage":"en-US","potentialAction":[{"@type":"ReadAction","target":["https:\/\/easyseed-forst.de\/forstleute-waldbesitzer\/waldbaeume-infothek\/"]}]},{"@type":"ImageObject","inLanguage":"en-US","@id":"https:\/\/easyseed-forst.de\/forstleute-waldbesitzer\/waldbaeume-infothek\/#primaryimage","url":"https:\/\/easyseed-forst.de\/wp-content\/uploads\/Infothek1-edited.jpg","contentUrl":"https:\/\/easyseed-forst.de\/wp-content\/uploads\/Infothek1-edited.jpg"},{"@type":"BreadcrumbList","@id":"https:\/\/easyseed-forst.de\/forstleute-waldbesitzer\/waldbaeume-infothek\/#breadcrumb","itemListElement":[{"@type":"ListItem","position":1,"name":"Startseite","item":"https:\/\/easyseed-forst.de\/"},{"@type":"ListItem","position":2,"name":"F\u00fcr Forstleute und Waldbesitzer","item":"https:\/\/easyseed-forst.de\/forstleute-waldbesitzer\/"},{"@type":"ListItem","position":3,"name":"Waldb\u00e4ume-Infothek"}]},{"@type":"WebSite","@id":"https:\/\/easyseed-forst.de\/#website","url":"https:\/\/easyseed-forst.de\/","name":"easySeed Forestry","description":"S\u00e4en statt pflanzen f\u00fcr ihren Wald der Zukunft!","potentialAction":[{"@type":"SearchAction","target":{"@type":"EntryPoint","urlTemplate":"https:\/\/easyseed-forst.de\/?s={search_term_string}"},"query-input":{"@type":"PropertyValueSpecification","valueRequired":true,"valueName":"search_term_string"}}],"inLanguage":"en-US"}]}},"_links":{"self":[{"href":"https:\/\/easyseed-forst.de\/en\/wp-json\/wp\/v2\/pages\/985","targetHints":{"allow":["GET"]}}],"collection":[{"href":"https:\/\/easyseed-forst.de\/en\/wp-json\/wp\/v2\/pages"}],"about":[{"href":"https:\/\/easyseed-forst.de\/en\/wp-json\/wp\/v2\/types\/page"}],"author":[{"embeddable":true,"href":"https:\/\/easyseed-forst.de\/en\/wp-json\/wp\/v2\/users\/1"}],"replies":[{"embeddable":true,"href":"https:\/\/easyseed-forst.de\/en\/wp-json\/wp\/v2\/comments?post=985"}],"version-history":[{"count":449,"href":"https:\/\/easyseed-forst.de\/en\/wp-json\/wp\/v2\/pages\/985\/revisions"}],"predecessor-version":[{"id":5007,"href":"https:\/\/easyseed-forst.de\/en\/wp-json\/wp\/v2\/pages\/985\/revisions\/5007"}],"up":[{"embeddable":true,"href":"https:\/\/easyseed-forst.de\/en\/wp-json\/wp\/v2\/pages\/11"}],"wp:attachment":[{"href":"https:\/\/easyseed-forst.de\/en\/wp-json\/wp\/v2\/media?parent=985"}],"curies":[{"name":"wp","href":"https:\/\/api.w.org\/{rel}","templated":true}]}}